{"id":12,"date":"2025-03-04T00:55:50","date_gmt":"2025-03-04T00:55:50","guid":{"rendered":"https:\/\/www.katjar.fi\/?page_id=12"},"modified":"2025-06-03T18:43:55","modified_gmt":"2025-06-03T18:43:55","slug":"mina","status":"publish","type":"page","link":"http:\/\/www.katjar.fi\/index.php\/mina\/","title":{"rendered":"Lis\u00e4tietoa"},"content":{"rendered":"\n<div class=\"wp-block-cover alignfull has-custom-content-position is-position-bottom-center\" style=\"margin-top:0;margin-bottom:0;padding-top:var(--wp--preset--spacing--50);padding-right:var(--wp--preset--spacing--50);padding-bottom:var(--wp--preset--spacing--50);padding-left:var(--wp--preset--spacing--50);min-height:840px;aspect-ratio:unset;\"><img loading=\"lazy\" decoding=\"async\" width=\"1920\" height=\"2560\" class=\"wp-block-cover__image-background wp-image-46\" alt=\"\" src=\"http:\/\/www.katjar.fi\/wp-content\/uploads\/2025\/03\/kukat-scaled.jpg\" data-object-fit=\"cover\" srcset=\"http:\/\/www.katjar.fi\/wp-content\/uploads\/2025\/03\/kukat-scaled.jpg 1920w, http:\/\/www.katjar.fi\/wp-content\/uploads\/2025\/03\/kukat-225x300.jpg 225w\" sizes=\"(max-width: 1920px) 100vw, 1920px\" \/><span aria-hidden=\"true\" class=\"wp-block-cover__background has-background-dim-10 has-background-dim\"><\/span><div class=\"wp-block-cover__inner-container is-layout-constrained wp-container-core-cover-is-layout-d89aad35 wp-block-cover-is-layout-constrained\">\n<div class=\"wp-block-group alignwide is-content-justification-left\"><div class=\"wp-block-group__inner-container is-layout-constrained wp-container-core-group-is-layout-12dd3699 wp-block-group-is-layout-constrained\"><\/div><\/div>\n<\/div><\/div>\n\n\n\n<div class=\"wp-block-group alignfull is-style-section-5\" style=\"margin-top:0;margin-bottom:0;padding-top:var(--wp--preset--spacing--50);padding-bottom:var(--wp--preset--spacing--50)\"><div class=\"wp-block-group__inner-container is-layout-constrained wp-block-group-is-layout-constrained\">\n<div class=\"wp-block-columns alignwide is-layout-flex wp-container-core-columns-is-layout-7ee84d44 wp-block-columns-is-layout-flex\">\n<div class=\"wp-block-column is-vertically-aligned-center is-layout-flow wp-block-column-is-layout-flow\" style=\"flex-basis:50%\">\n<h2 class=\"wp-block-heading\">Tarkemmin minusta<\/h2>\n\n\n\n<p class=\"has-medium-font-size\">Ty\u00f6nohjauksessani k\u00e4yt\u00e4n hy\u00f6dykseni pitk\u00e4\u00e4 kokemustani teknisen alan suunnittelu- ja konsulttit\u00f6ist\u00e4 sek\u00e4 esihenkil\u00f6n\u00e4 toimimisesta. <\/p>\n\n\n\n<p class=\"has-medium-font-size\">Tied\u00e4n mit\u00e4 k\u00e4yt\u00e4nn\u00f6ss\u00e4 tarkoittaa t\u00e4ysi kalenteri, tiukka aikataulu,<br>kustannusten tarkka seuranta ja resurssien j\u00e4rjestelyjen aiheuttama haaste. Voin tarjota luottamuksellisen tilanteen keskustelulle silloinkin, kun vertaisryhm\u00e4\u00e4 on vaikea omasta ty\u00f6yhteis\u00f6st\u00e4 l\u00f6yt\u00e4\u00e4.<\/p>\n\n\n\n<p class=\"has-medium-font-size\">Olen kiinnostunut erityisesti johtamisen haasteista: kuinka olla kuunteleva ja l\u00e4sn\u00e4 haasteiden ristipaineessa?<br>K\u00e4yt\u00e4n monenlaisia ajanhallinnan menetelmi\u00e4, joten jos kaaos valtaa kalenteriasi tai sekoittaa p\u00e4\u00e4t\u00e4si, voimme yhdess\u00e4 etsi\u00e4 ratkaisuja. Milt\u00e4 kuulostaa vaikkapa LEAN-maailmasta tuttu LastPlanner- ajatus<br>ty\u00f6nohjauksellisena ty\u00f6kaluna?<\/p>\n\n\n\n<p class=\"has-medium-font-size\"><\/p>\n<\/div>\n\n\n\n<div class=\"wp-block-column is-vertically-aligned-center is-layout-flow wp-block-column-is-layout-flow\" style=\"flex-basis:50%\">\n<figure class=\"wp-block-image size-full\"><img loading=\"lazy\" decoding=\"async\" width=\"2400\" height=\"1800\" src=\"https:\/\/www.katjar.fi\/wp-content\/uploads\/2025\/03\/ranta-edited-2.jpg\" alt=\"\" class=\"wp-image-78\" style=\"aspect-ratio:1;object-fit:cover\" srcset=\"http:\/\/www.katjar.fi\/wp-content\/uploads\/2025\/03\/ranta-edited-2.jpg 2400w, http:\/\/www.katjar.fi\/wp-content\/uploads\/2025\/03\/ranta-edited-2-300x225.jpg 300w, http:\/\/www.katjar.fi\/wp-content\/uploads\/2025\/03\/ranta-edited-2-1024x768.jpg 1024w, http:\/\/www.katjar.fi\/wp-content\/uploads\/2025\/03\/ranta-edited-2-768x576.jpg 768w, http:\/\/www.katjar.fi\/wp-content\/uploads\/2025\/03\/ranta-edited-2-1536x1152.jpg 1536w, http:\/\/www.katjar.fi\/wp-content\/uploads\/2025\/03\/ranta-edited-2-2048x1536.jpg 2048w\" sizes=\"(max-width: 2400px) 100vw, 2400px\" \/><\/figure>\n<\/div>\n<\/div>\n<\/div><\/div>\n\n\n\n<div class=\"wp-block-group alignfull\" style=\"margin-top:0;margin-bottom:0\"><div class=\"wp-block-group__inner-container is-layout-constrained wp-block-group-is-layout-constrained\">\n<div class=\"wp-block-group alignwide is-layout-grid wp-container-core-group-is-layout-5fdb10e5 wp-block-group-is-layout-grid\" style=\"padding-top:var(--wp--preset--spacing--50);padding-bottom:var(--wp--preset--spacing--50)\">\n<div class=\"wp-block-group is-vertical is-content-justification-stretch is-nowrap is-layout-flex wp-container-core-group-is-layout-627337ab wp-block-group-is-layout-flex\">\n<div class=\"wp-block-group is-vertical is-content-justification-left is-layout-flex wp-container-core-group-is-layout-dd225191 wp-block-group-is-layout-flex\">\n<h2 class=\"wp-block-heading is-style-text-annotation\">Mit\u00e4 tarjoan<\/h2>\n\n\n\n<p class=\"is-style-text-subtitle\">Tarjoan pitk\u00e4\u00e4n kokemukseen perustuvaa n\u00e4kemyst\u00e4 my\u00f6s ty\u00f6nohjaukseen yhdistett\u00e4vist\u00e4 kehollisista menetelmist\u00e4 kuten joogasta, tietoisesta hengityksest\u00e4 ja mindfulnessista. Olen yhdist\u00e4nyt rakkauteni<br>luontoon my\u00f6s ty\u00f6nohjaukseen, sill\u00e4 sek\u00e4 rauhaa ett\u00e4 inspiraatiota voi l\u00f6yty\u00e4 jo l\u00e4himets\u00e4st\u00e4!<\/p>\n\n\n\n<p class=\"is-style-text-subtitle\"><\/p>\n<\/div>\n<\/div>\n\n\n\n<figure class=\"wp-block-image size-full is-style-rounded wp-container-content-5fd69529 wp-duotone-unset-1\"><img loading=\"lazy\" decoding=\"async\" width=\"1920\" height=\"2560\" src=\"https:\/\/www.katjar.fi\/wp-content\/uploads\/2025\/03\/rustic-edited-scaled.jpg\" alt=\"\" class=\"wp-image-72\" style=\"aspect-ratio:3\/4;object-fit:cover\" srcset=\"http:\/\/www.katjar.fi\/wp-content\/uploads\/2025\/03\/rustic-edited-scaled.jpg 1920w, http:\/\/www.katjar.fi\/wp-content\/uploads\/2025\/03\/rustic-edited-225x300.jpg 225w, http:\/\/www.katjar.fi\/wp-content\/uploads\/2025\/03\/rustic-edited-768x1024.jpg 768w, http:\/\/www.katjar.fi\/wp-content\/uploads\/2025\/03\/rustic-edited-1152x1536.jpg 1152w, http:\/\/www.katjar.fi\/wp-content\/uploads\/2025\/03\/rustic-edited-1536x2048.jpg 1536w\" sizes=\"(max-width: 1920px) 100vw, 1920px\" \/><\/figure>\n<\/div>\n<\/div><\/div>\n\n\n\n<div class=\"wp-block-group alignfull\" style=\"margin-top:0;margin-bottom:0\"><div class=\"wp-block-group__inner-container is-layout-constrained wp-block-group-is-layout-constrained\">\n<div class=\"wp-block-group alignwide\" style=\"padding-top:var(--wp--preset--spacing--50);padding-bottom:var(--wp--preset--spacing--50)\"><div class=\"wp-block-group__inner-container is-layout-flow wp-container-core-group-is-layout-d58a0413 wp-block-group-is-layout-flow\">\n<h2 class=\"wp-block-heading\">Katjan ty\u00f6nohjauksen asiakkaiden kommentteja<\/h2>\n\n\n\n<div class=\"wp-block-columns is-layout-flex wp-container-core-columns-is-layout-cbe57604 wp-block-columns-is-layout-flex\">\n<div class=\"wp-block-column is-layout-flow wp-block-column-is-layout-flow\">\n<div class=\"wp-block-group\" style=\"border-top-color:var(--wp--preset--color--accent-6);border-top-width:1px;padding-top:var(--wp--preset--spacing--30);padding-bottom:var(--wp--preset--spacing--30)\"><div class=\"wp-block-group__inner-container is-layout-flow wp-block-group-is-layout-flow\">\n<h3 class=\"wp-block-heading\">1.<\/h3>\n\n\n\n<p>&#8221;Katja on ihanan l\u00e4sn\u00e4oleva ja ymm\u00e4rt\u00e4v\u00e4 ty\u00f6nohjaaja. Hyvin pienieleisesti suuntaa ohjattavaa miettim\u00e4\u00e4n oman ty\u00f6n<br>ja oman ty\u00f6roolin kipupisteit\u00e4 ja antaa vaivihkaisesti ev\u00e4it\u00e4 nousta ohjattavan ajattelussa yht\u00e4 abstraktiotasoa<br>ylemm\u00e4s. Ei pelk\u00e4\u00e4 kokeilla uutta, mutta ymm\u00e4rt\u00e4\u00e4 sangen tarkkan\u00e4k\u00f6isesti, mik\u00e4 menetelm\u00e4 ohjattavasta tuntuu<br>omimmalta eik\u00e4 v\u00e4kisin tyrkyt\u00e4 tietty\u00e4 toimintamallia. Mielell\u00e4ni jatkaisin Katjan ohjattavana pitemm\u00e4llekin.&#8221;<\/p>\n<\/div><\/div>\n<\/div>\n\n\n\n<div class=\"wp-block-column is-layout-flow wp-block-column-is-layout-flow\">\n<div class=\"wp-block-group\" style=\"border-top-color:var(--wp--preset--color--accent-6);border-top-width:1px;padding-top:var(--wp--preset--spacing--30);padding-bottom:var(--wp--preset--spacing--30)\"><div class=\"wp-block-group__inner-container is-layout-flow wp-block-group-is-layout-flow\">\n<h3 class=\"wp-block-heading\">2.<\/h3>\n\n\n\n<p>\u201cKiitos! Mukavaa ett\u00e4 asioita vied\u00e4\u00e4n konkretian tasolle.\u201d<\/p>\n<\/div><\/div>\n<\/div>\n<\/div>\n\n\n\n<div class=\"wp-block-columns is-layout-flex wp-container-core-columns-is-layout-cbe57604 wp-block-columns-is-layout-flex\">\n<div class=\"wp-block-column is-layout-flow wp-block-column-is-layout-flow\">\n<div class=\"wp-block-group\" style=\"border-top-color:var(--wp--preset--color--accent-6);border-top-width:1px;padding-top:var(--wp--preset--spacing--30);padding-bottom:var(--wp--preset--spacing--30)\"><div class=\"wp-block-group__inner-container is-layout-flow wp-block-group-is-layout-flow\">\n<h3 class=\"wp-block-heading\">3.<\/h3>\n\n\n\n<p>\u201cHyv\u00e4\u00e4 pys\u00e4htymist\u00e4 t\u00e4rkeiden asioiden \u00e4\u00e4relle. Ohjaajalta hyvi\u00e4 nostoja ja ter\u00e4vi\u00e4, asiaan perehtyneit\u00e4 huomioita.<br>Hyv\u00e4 ja monipuolinen kokonaisuus.\u201d<\/p>\n<\/div><\/div>\n<\/div>\n\n\n\n<div class=\"wp-block-column is-layout-flow wp-block-column-is-layout-flow\">\n<div class=\"wp-block-group\" style=\"border-top-color:var(--wp--preset--color--accent-6);border-top-width:1px;padding-top:var(--wp--preset--spacing--30);padding-bottom:var(--wp--preset--spacing--30)\"><div class=\"wp-block-group__inner-container is-layout-flow wp-block-group-is-layout-flow\">\n<h3 class=\"wp-block-heading\">4.<\/h3>\n\n\n\n<p>\u201cEritt\u00e4in positiivinen kokemus. Olit kivan rauhallinen, joten tunnelma pysyi mukavana, vaikka k\u00e4siteltiin vaikeita<br>aiheita.\u201d<\/p>\n<\/div><\/div>\n<\/div>\n<\/div>\n<\/div><\/div>\n<\/div><\/div>\n\n\n\n<div class=\"wp-block-group alignfull\" style=\"margin-top:0;margin-bottom:0;padding-top:var(--wp--preset--spacing--80);padding-bottom:var(--wp--preset--spacing--80)\"><div class=\"wp-block-group__inner-container is-layout-constrained wp-container-core-group-is-layout-08655630 wp-block-group-is-layout-constrained\">\n<div class=\"wp-block-group alignwide\"><div class=\"wp-block-group__inner-container is-layout-flow wp-block-group-is-layout-flow\">\n<p class=\"has-text-align-center is-style-text-display\" style=\"font-style:normal;font-weight:400\">Ota yhteytt\u00e4!<\/p>\n\n\n\n<ul class=\"wp-block-list\">\n<li>katja@katjar.fi<\/li>\n\n\n\n<li>044 5569191<\/li>\n\n\n\n<li>Y-tunnus 3462482-3<\/li>\n<\/ul>\n\n\n\n<div style=\"height:var(--wp--preset--spacing--40)\" aria-hidden=\"true\" class=\"wp-block-spacer\"><\/div>\n\n\n\n<ul class=\"wp-block-social-links has-icon-color is-style-logos-only is-content-justification-center is-layout-flex wp-container-core-social-links-is-layout-a89b3969 wp-block-social-links-is-layout-flex\"><li class=\"wp-social-link wp-social-link-linkedin has-contrast-color wp-block-social-link\"><a href=\"https:\/\/www.linkedin.com\/in\/katja-romppainen-140265312\/\" class=\"wp-block-social-link-anchor\"><svg width=\"24\" height=\"24\" viewBox=\"0 0 24 24\" version=\"1.1\" xmlns=\"http:\/\/www.w3.org\/2000\/svg\" aria-hidden=\"true\" focusable=\"false\"><path d=\"M19.7,3H4.3C3.582,3,3,3.582,3,4.3v15.4C3,20.418,3.582,21,4.3,21h15.4c0.718,0,1.3-0.582,1.3-1.3V4.3 C21,3.582,20.418,3,19.7,3z M8.339,18.338H5.667v-8.59h2.672V18.338z M7.004,8.574c-0.857,0-1.549-0.694-1.549-1.548 c0-0.855,0.691-1.548,1.549-1.548c0.854,0,1.547,0.694,1.547,1.548C8.551,7.881,7.858,8.574,7.004,8.574z M18.339,18.338h-2.669 v-4.177c0-0.996-0.017-2.278-1.387-2.278c-1.389,0-1.601,1.086-1.601,2.206v4.249h-2.667v-8.59h2.559v1.174h0.037 c0.356-0.675,1.227-1.387,2.526-1.387c2.703,0,3.203,1.779,3.203,4.092V18.338z\"><\/path><\/svg><span class=\"wp-block-social-link-label screen-reader-text\">LinkedIn<\/span><\/a><\/li><\/ul>\n<\/div><\/div>\n<\/div><\/div>\n\n\n\n<p><\/p>\n","protected":false},"excerpt":{"rendered":"<p>Tarkemmin minusta Ty\u00f6nohjauksessani k\u00e4yt\u00e4n hy\u00f6dykseni pitk\u00e4\u00e4 kokemustani teknisen alan suunnittelu- ja konsulttit\u00f6ist\u00e4 sek\u00e4 esihenkil\u00f6n\u00e4 toimimisesta. Tied\u00e4n mit\u00e4 k\u00e4yt\u00e4nn\u00f6ss\u00e4 tarkoittaa t\u00e4ysi kalenteri, tiukka aikataulu,kustannusten tarkka seuranta ja resurssien j\u00e4rjestelyjen aiheuttama haaste. Voin tarjota luottamuksellisen tilanteen keskustelulle silloinkin, kun vertaisryhm\u00e4\u00e4 on vaikea omasta ty\u00f6yhteis\u00f6st\u00e4 l\u00f6yt\u00e4\u00e4. Olen kiinnostunut erityisesti johtamisen haasteista: kuinka olla kuunteleva ja l\u00e4sn\u00e4 haasteiden ristipaineessa?K\u00e4yt\u00e4n [&hellip;]<\/p>\n","protected":false},"author":1,"featured_media":0,"parent":0,"menu_order":0,"comment_status":"closed","ping_status":"closed","template":"","meta":{"saved_in_kubio":true,"footnotes":""},"class_list":["post-12","page","type-page","status-publish","hentry"],"kubio_ai_page_context":{"short_desc":"","purpose":"general"},"_links":{"self":[{"href":"http:\/\/www.katjar.fi\/index.php\/wp-json\/wp\/v2\/pages\/12","targetHints":{"allow":["GET"]}}],"collection":[{"href":"http:\/\/www.katjar.fi\/index.php\/wp-json\/wp\/v2\/pages"}],"about":[{"href":"http:\/\/www.katjar.fi\/index.php\/wp-json\/wp\/v2\/types\/page"}],"author":[{"embeddable":true,"href":"http:\/\/www.katjar.fi\/index.php\/wp-json\/wp\/v2\/users\/1"}],"replies":[{"embeddable":true,"href":"http:\/\/www.katjar.fi\/index.php\/wp-json\/wp\/v2\/comments?post=12"}],"version-history":[{"count":14,"href":"http:\/\/www.katjar.fi\/index.php\/wp-json\/wp\/v2\/pages\/12\/revisions"}],"predecessor-version":[{"id":199,"href":"http:\/\/www.katjar.fi\/index.php\/wp-json\/wp\/v2\/pages\/12\/revisions\/199"}],"wp:attachment":[{"href":"http:\/\/www.katjar.fi\/index.php\/wp-json\/wp\/v2\/media?parent=12"}],"curies":[{"name":"wp","href":"https:\/\/api.w.org\/{rel}","templated":true}]}}